{"id":9507,"date":"2021-03-11T12:05:51","date_gmt":"2021-03-11T12:05:51","guid":{"rendered":"https:\/\/kreatortest.com\/pmf\/?page_id=9507"},"modified":"2022-10-04T21:14:44","modified_gmt":"2022-10-04T21:14:44","slug":"textbooks-and-books","status":"publish","type":"page","link":"https:\/\/pmf.unsa.ba\/eng\/publishing\/textbooks-and-books\/","title":{"rendered":"Textbooks and books"},"content":{"rendered":"<div class=\"wpb-content-wrapper\"><p>[vc_row css=&#8221;.vc_custom_1615645000639{margin-bottom: 72px !important;}&#8221;][vc_column]<div class=\"qodef-section-title-holder  qodef-st-standard qodef-st-title-left qodef-st-normal-space \" style=\"text-align: center\">\n\t<div class=\"qodef-st-inner\">\n\t\t\t\t\t<h2 class=\"qodef-st-title\" >\n\t\t\t\tTextbooks and books published by the University of Sarajevo\t\t\t<\/h2>\n\t\t                    <span class=\"qodef-st-background-text\" >\n                Textbooks and books             <\/span>\n        \t\t\t<\/div>\n<\/div>[vc_row_inner css=&#8221;.vc_custom_1615990863923{margin-top: 50px !important;}&#8221;][vc_column_inner width=&#8221;1\/2&#8221;][vc_column_text]<\/p>\n<ol>\n<li style=\"text-align: justify;\">\u0160efket Arslanagi\u0107: Methodical collection of problems with the basics of theory in elementary mathematics;<\/li>\n<li style=\"text-align: justify;\">Suvad Lelo: Daily butterflies of Bosnia and Herzegovina &#8211; Key for species determination with basic monographic data;<\/li>\n<li style=\"text-align: justify;\">Mirsada Piri\u0107: Fundamentals of quantum mechanics, statistical physics, and solid state physics;<\/li>\n<li style=\"text-align: justify;\">Mirjana Malenica and Lejla Smajlovi\u0107: Potential of a point in relation to a circle, inversion, and applications;<\/li>\n<li style=\"text-align: justify;\">Medo Pepi\u0107: Introduction to mathematics (second amended and supplemented edition);<\/li>\n<li style=\"text-align: justify;\">Edhem Haskovi\u0107 and Aleksander Ivanc: Practicum of comparative animal and human physiology;<\/li>\n<li style=\"text-align: justify;\">Mirsada Piri\u0107 and Zalkida Had\u017eibegovi\u0107: General physics &#8211; practicum and laboratory exercises;<\/li>\n<li style=\"text-align: justify;\">Nada Gabela, Zalkida Had\u017eibegovi\u0107, Azra Gazibegovi\u0107-Busulad\u017ei\u0107 and Lada<\/li>\n<li style=\"text-align: justify;\">Gabela: Practicum in electromagnetism;<\/li>\n<li style=\"text-align: justify;\">Hilada Nefi\u0107: Practicum in genetics;<\/li>\n<li style=\"text-align: justify;\">Sadbera Tro\u017ei\u0107- Borovac: Hydrobiology;<\/li>\n<li style=\"text-align: justify;\">Sulejman Red\u017ei\u0107, Hazim Ba\u0161i\u0107 and Senka Barudanovi\u0107: Ecological systems and models;<\/li>\n<li style=\"text-align: justify;\">Hasnija Muratovi\u0107 and Vanes Me\u0161i\u0107: Didactic-methodical contributions to the teaching of physics;<\/li>\n<li style=\"text-align: justify;\">Milka Maksimovi\u0107, Sanja \u0106avar, and Danijela Vidic: Practicum on the basics of organic chemistry;<\/li>\n<li style=\"text-align: justify;\">Emira Zovko and Safija Islamovi\u0107: Basics of radiochemistry with practicum;<br \/>\nMeliha Zejnilagi\u0107-Hajri\u0107 and Emira Zovko: Demonstration practicum in chemistry;<\/li>\n<li style=\"text-align: justify;\">Meliha Zejnilagi\u0107-Hajri\u0107 and Emira Zovko: History of Physics I;<\/li>\n<\/ol>\n<p>[\/vc_column_text][\/vc_column_inner][vc_column_inner width=&#8221;1\/2&#8221;][vc_column_text]<\/p>\n<ol start=\"17\">\n<li style=\"text-align: justify;\">Senada Kalabu\u0161i\u0107 and Mirjana Malenica: Special functions (theory and tasks);<\/li>\n<li style=\"text-align: justify;\">Edina Muratovi\u0107 and Dubravka \u0160oljan: Systematics of cormophytes: manual and practicum with workbook;<\/li>\n<li style=\"text-align: justify;\">Ned\u017ead Duki\u0107: Fuzzy logic and databases;<\/li>\n<li style=\"text-align: justify;\">Suvad Lelo and Lada Luki\u0107-Bilela: Handbook of evolution: repetitorium and workbook;<\/li>\n<li style=\"text-align: justify;\">Rahman Nurkovi\u0107: Urban geography of the world;<\/li>\n<li style=\"text-align: justify;\">Jasna Huremovi\u0107: Mechanisms of ion exchange;<\/li>\n<li style=\"text-align: justify;\">Sadbera Tro\u017ei\u0107-Borovac: Handbook of hydrobiology;<\/li>\n<li style=\"text-align: justify;\">Amela Muratovi\u0107-Ribi\u0107: Introduction to mathematical modeling;<\/li>\n<li style=\"text-align: justify;\">Senada Kalabu\u0161i\u0107 and Samra Piri\u0107: Linear integral equations;<\/li>\n<li style=\"text-align: justify;\">Zalkida Had\u017eibegovi\u0107 and Mirsada Piri\u0107: Physics I \u2013 laboratory and computational exercises;<\/li>\n<li style=\"text-align: justify;\">Edhem Haskovi\u0107 and Damir Suljevi\u0107: Practicum in biochemistry;<\/li>\n<li style=\"text-align: justify;\">Rahman Nurkovi\u0107: Urban geography of the world;<\/li>\n<li style=\"text-align: justify;\">Zalkida Had\u017eibegovi\u0107: Physics II \u2013 Laboratory and computational exercises;<\/li>\n<li style=\"text-align: justify;\">Samir \u0110ug, Nusret Dre\u0161kovi\u0107, and Senad Od\u017eak: Remote research &#8211; principles and application;<\/li>\n<li style=\"text-align: justify;\">Sanja \u0106avar: Introduction to examining the mechanisms of organic reactions;<\/li>\n<li style=\"text-align: justify;\">Amira \u010copra-Jani\u010dijevi\u0107, Lejla Klepo, and Anela Top\u010dagi\u0107: Practical organic chemistry;<\/li>\n<li style=\"text-align: justify;\">Rahman Nurkovi\u0107: Rural geography of the world;<\/li>\n<li style=\"text-align: justify;\">Meliha Zejnilagi\u0107-Hajri\u0107, Nevzeta Ljubijanki\u0107, Amira \u010copra-Jani\u0107ijevi\u0107, Danijela Vidic and Ines Nui\u0107: Practical course in chemistry teaching methodology;<\/li>\n<\/ol>\n<p>[\/vc_column_text][\/vc_column_inner][\/vc_row_inner][\/vc_column][\/vc_row][vc_row full_width=&#8221;stretch_row&#8221; css=&#8221;.vc_custom_1615645078350{padding-top: 31px !important;padding-bottom: 75px !important;background-color: #f7f7f7 !important;}&#8221;][vc_column]<div class=\"qodef-section-title-holder  qodef-st-standard qodef-st-title-left qodef-st-normal-space \" style=\"text-align: center\">\n\t<div class=\"qodef-st-inner\">\n\t\t\t\t\t<h2 class=\"qodef-st-title\" >\n\t\t\t\tTextbooks and books published by the Faculty of Science\t\t\t<\/h2>\n\t\t                    <span class=\"qodef-st-background-text\" style=\"color: #ffffff\">\n                Textbooks and books            <\/span>\n        \t\t\t<\/div>\n<\/div>[vc_row_inner css=&#8221;.vc_custom_1615990938133{margin-top: 50px !important;}&#8221;][vc_column_inner width=&#8221;1\/2&#8221;][vc_column_text]<\/p>\n<ol>\n<li style=\"text-align: justify;\">Rifat Had\u017eiselimovi\u0107: Practicum in bioanthropology &#8211; Repetitor and workbook;<\/li>\n<li style=\"text-align: justify;\">Anesa Jerkovi\u0107-Mujki\u0107: Practicum in general microbiology;<\/li>\n<li style=\"text-align: justify;\">Rifat \u0160krijelj and Samir \u0110ug: Introduction to animal ecology;<\/li>\n<li style=\"text-align: justify;\">Samir \u0110ug and Rifat \u0160krijelj: Biogeography;<\/li>\n<li style=\"text-align: justify;\">Armin Lagumd\u017eija, Davorin Samek and Rajfa Musemi\u0107: Physics of ionizing radiation in the application, book 1. Radioactivity;<\/li>\n<li style=\"text-align: justify;\">Suvad Lelo: Zoology for animal husbandry students of the Faculty of Agriculture and Food;<\/li>\n<li style=\"text-align: justify;\">Suvad Lelo: Practicum in zoology: for zootechnics students of the Faculty of Agriculture and Food;<\/li>\n<li style=\"text-align: justify;\">Tid\u017ea Muhi\u0107-\u0160arac: Introduction to environmental chemistry;<\/li>\n<li style=\"text-align: justify;\">Enad Korjeni\u0107: Animal natural resources &#8211; theoretical basis of exercises with workbook;<\/li>\n<li style=\"text-align: justify;\">Adisa Pari\u0107, Fatima Pustahija, and Erna Karalija: Propagation of plants by culture in vitro;<\/li>\n<li style=\"text-align: justify;\">Emira Kahrovi\u0107 and Nevzeta Ljubijanki\u0107: Practicum of inorganic chemistry;<\/li>\n<li style=\"text-align: justify;\">Haris Gavranovi\u0107: Operational research, part 1: Linear programming;<\/li>\n<li style=\"text-align: justify;\">Emir Turku\u0161i\u0107: Introduction to chemical sensors and biosensors;<\/li>\n<li style=\"text-align: justify;\">Mustafa Memi\u0107: Spectrometric methods of analysis (selected chapters);<\/li>\n<li style=\"text-align: justify;\">Enad Korjeni\u0107: Basics of general cynology;<\/li>\n<li style=\"text-align: justify;\">Ilja Dor\u0161ner: Symmetries in physics;<\/li>\n<li style=\"text-align: justify;\">Mevlida Operta: General geology;<\/li>\n<li style=\"text-align: justify;\">Fehim Kora\u0107, Sanjin Guti\u0107, Sabina Gojak, Safija Islamovi\u0107, and Jelena Ostoji\u0107: Practical in physical chemistry I and II;<\/li>\n<li style=\"text-align: justify;\">Edhem Haskovi\u0107: Comparative physiology I;<\/li>\n<li style=\"text-align: justify;\">Lejla Smajlovi\u0107 and Almasa Od\u017eak: Complex analysis;<\/li>\n<li style=\"text-align: justify;\">Irfan \u0160u\u0161ko: Histology and embryology of animals and humans &#8211; theoreticalbasics of exercises with a workbook;<\/li>\n<li style=\"text-align: justify;\">Suvad Lelo, Dra\u017een Kotro\u0161an and Mirzeta Ka\u0161i\u0107-Lelo: Vertebrate biosystematics: Ornithology with special reference to the ornithofauna of Bosnia and Herzegovina;<\/li>\n<li style=\"text-align: justify;\">Semira Galija\u0161evi\u0107 and Vera Dugand\u017ei\u0107: Introduction to laboratory work &#8211; Practicum;<\/li>\n<li style=\"text-align: justify;\">Anesa Jerkovi\u0107 \u2013 Mujki\u0107: Biology of bacteria;<\/li>\n<li style=\"text-align: justify;\">Ajla Rizvanovi\u0107-Smajlovi\u0107, Nikolina Elez \u2013 Burnjakovi\u0107 and Suvad Lelo: Introduction to behavioral genetics;<\/li>\n<li style=\"text-align: justify;\">Anesa Jerkovi\u0107-Mujki\u0107 and Selma Pili\u0107: Manual for exercises in cytology;<\/li>\n<li style=\"text-align: justify;\">Hilada Nefi\u0107: Molecular genetics;<\/li>\n<\/ol>\n<p>[\/vc_column_text][\/vc_column_inner][vc_column_inner width=&#8221;1\/2&#8221;][vc_column_text]<\/p>\n<ol start=\"28\">\n<li style=\"text-align: justify;\">Hilada Nefi\u0107: Cytogenetics;<\/li>\n<li style=\"text-align: justify;\">Damir Suljevi\u0107 and Lejla Mehinovi\u0107: Physiology of homeostasis;<\/li>\n<li style=\"text-align: justify;\">Damir Suljevi\u0107 and Edhem Haskovi\u0107: Biochemical analysis \u2013 Practicum;<\/li>\n<li style=\"text-align: justify;\">Mevlida Operta: Petrography;<\/li>\n<li style=\"text-align: justify;\">Tid\u017ea Muhi\u0107-\u0160arac, Jasmina Sulejmanovi\u0107 and Amela Parti\u0107: Practicum in environmental chemistry I;<\/li>\n<li style=\"text-align: justify;\">Senada Kalabu\u0161i\u0107 and Esmir Pilav: Ordinary differential equations;<\/li>\n<li style=\"text-align: justify;\">Suvad Lelo: Vertebrate Biosystematics: Mammalogy with special reference to the mammofauna of Bosnia and Herzegovina;<\/li>\n<li style=\"text-align: justify;\">Rifat \u0160krijelj, Sadbera Tro\u017ei\u0107-Borovac, Denisa \u017dujo-Zeki\u0107, Aldijana Mu\u0161ovi\u0107, and Adi Vesni\u0107: Manual from the systematics of lower chordates-repetitor and workbook;<\/li>\n<li style=\"text-align: justify;\">Mustafa Busulad\u017ei\u0107, Aner \u010cerki\u0107, Azra Gazibegovi\u0107-Busulad\u017ei\u0107, Elvedin Hasovi\u0107, and Jugoslav Stahov: Physics I with applications in biology and medicine;<\/li>\n<li style=\"text-align: justify;\">Suvad Lelo: Practicum for getting to know the basic taxa of tetrapod vertebrates;<\/li>\n<li style=\"text-align: justify;\">Senka Barudanovi\u0107 and Ermin Ma\u0161i\u0107: Diversity and systematics of algae;<\/li>\n<li style=\"text-align: justify;\">D\u017eenan Gu\u0161i\u0107: Collection of solved problems from Algebra I;<\/li>\n<li style=\"text-align: justify;\">Senka Barudanovi\u0107, Armin Macanovi\u0107; Ljiljana Toplali\u0107-Trivunovi\u0107 and Cero Mehmed: Ecosystems of Bosnia and Herzegovina in the function of sustainable development, as a monograph;<\/li>\n<li style=\"text-align: justify;\">Tid\u017ea Muhi\u0107-\u0160arac and Jasna Huremovi\u0107: Chemistry and soil quality;<\/li>\n<li style=\"text-align: justify;\">Senada Kalabu\u0161i\u0107, Nacima Memi\u0107, and Esmir Pilav: Partial differential equations;<\/li>\n<li style=\"text-align: justify;\">Aleksandra Kosti\u0107: Higher mathematics for engineers;<\/li>\n<li style=\"text-align: justify;\">Nusret Dre\u0161kovi\u0107, Alma Pobri\u0107, and Samir \u0110ug: Tourism and potential &#8211; mountain areas of Bjela\u0161nica, Treskavica, Viso\u010dica;<\/li>\n<li style=\"text-align: justify;\">Amela Muratovi\u0107-Ribi\u0107: Introduction to linear algebra;<\/li>\n<li style=\"text-align: justify;\">Enad Korjeni\u0107: Biology of dogs;<\/li>\n<li style=\"text-align: justify;\">Damir Suljevi\u0107, Lejla Mahmutovi\u0107, and Lejla Mehinovi\u0107: Biochemical analysis I;<\/li>\n<li style=\"text-align: justify;\">Vanes Me\u0161i\u0107: Introduction to physics didactics;<\/li>\n<li style=\"text-align: justify;\">Maja Mitra\u0161inovi\u0107-Bruli\u0107 and Rifat \u0160krijelj: Practicum in general animal and human physiology;<\/li>\n<li style=\"text-align: justify;\">Irfan \u0160u\u0161ko: Embryology I &#8211; Embryogenesis;<\/li>\n<li style=\"text-align: justify;\">Mustafa Memi\u0107, Jasna Huremovi\u0107, and Esma Ru\u017edi\u0107: Collection of tasks from instrumental methods of analysis;<\/li>\n<li style=\"text-align: justify;\">Ned\u017ead Duki\u0107: Relational databases;<\/li>\n<li style=\"text-align: justify;\">Mustafa Memi\u0107 and Sabina \u017dero: Practicum in instrumental methods of analysis;<\/li>\n<li style=\"text-align: justify;\">Mirza Nuhanovi\u0107: Uranium in environmental samples (Theoretical basics with practical);<\/li>\n<li style=\"text-align: justify;\">Suada Sulejmanovi\u0107 and Amra Sal\u010dinovi\u0107 \u2013 Feti\u0107: Physical measurements &#8211; Examples of measurements from electromagnetism, optics, and acoustics;<\/li>\n<li style=\"text-align: justify;\">Aida Korjeni\u0107 and Emir Temimovi\u0107: Practicum in land hydrography I;<\/li>\n<\/ol>\n<p>[\/vc_column_text][\/vc_column_inner][\/vc_row_inner][\/vc_column][\/vc_row]<\/p>\n<\/div>","protected":false},"excerpt":{"rendered":"<p>[vc_row css=&#8221;.vc_custom_1615645000639{margin-bottom: 72px !important;}&#8221;][vc_column][vc_row_inner css=&#8221;.vc_custom_1615990863923{margin-top: 50px !important;}&#8221;][vc_column_inner width=&#8221;1\/2&#8221;][vc_column_text] \u0160efket Arslanagi\u0107: [&hellip;]<\/p>\n","protected":false},"author":1,"featured_media":0,"parent":9504,"menu_order":0,"comment_status":"closed","ping_status":"closed","template":"","meta":{"footnotes":""},"class_list":["post-9507","page","type-page","status-publish","hentry"],"_links":{"self":[{"href":"https:\/\/pmf.unsa.ba\/eng\/wp-json\/wp\/v2\/pages\/9507","targetHints":{"allow":["GET"]}}],"collection":[{"href":"https:\/\/pmf.unsa.ba\/eng\/wp-json\/wp\/v2\/pages"}],"about":[{"href":"https:\/\/pmf.unsa.ba\/eng\/wp-json\/wp\/v2\/types\/page"}],"author":[{"embeddable":true,"href":"https:\/\/pmf.unsa.ba\/eng\/wp-json\/wp\/v2\/users\/1"}],"replies":[{"embeddable":true,"href":"https:\/\/pmf.unsa.ba\/eng\/wp-json\/wp\/v2\/comments?post=9507"}],"version-history":[{"count":25,"href":"https:\/\/pmf.unsa.ba\/eng\/wp-json\/wp\/v2\/pages\/9507\/revisions"}],"predecessor-version":[{"id":15000,"href":"https:\/\/pmf.unsa.ba\/eng\/wp-json\/wp\/v2\/pages\/9507\/revisions\/15000"}],"up":[{"embeddable":true,"href":"https:\/\/pmf.unsa.ba\/eng\/wp-json\/wp\/v2\/pages\/9504"}],"wp:attachment":[{"href":"https:\/\/pmf.unsa.ba\/eng\/wp-json\/wp\/v2\/media?parent=9507"}],"curies":[{"name":"wp","href":"https:\/\/api.w.org\/{rel}","templated":true}]}}