{"id":9420,"date":"2021-03-10T16:03:28","date_gmt":"2021-03-10T16:03:28","guid":{"rendered":"https:\/\/kreatortest.com\/pmf\/?page_id=9420"},"modified":"2024-11-28T10:42:35","modified_gmt":"2024-11-28T10:42:35","slug":"professional-services","status":"publish","type":"page","link":"https:\/\/pmf.unsa.ba\/eng\/professional-services\/","title":{"rendered":"Professional services"},"content":{"rendered":"<div class=\"wpb-content-wrapper\"><p>[vc_row][vc_column]<div class=\"qodef-section-title-holder  qodef-st-standard qodef-st-title-left qodef-st-normal-space \" style=\"text-align: center\">\n\t<div class=\"qodef-st-inner\">\n\t\t\t\t\t<h2 class=\"qodef-st-title\" >\n\t\t\t\tProfessional services of the Faculty\t\t\t<\/h2>\n\t\t        \t\t\t<\/div>\n<\/div>[\/vc_column][\/vc_row][vc_row css=&#8221;.vc_custom_1616101146328{margin-top: 48px !important;margin-bottom: 62px !important;}&#8221;][vc_column width=&#8221;1\/4&#8221;][vc_single_image image=&#8221;10224&#8221; img_size=&#8221;full&#8221;][vc_custom_heading text=&#8221;Secretary of the Faculty&#8221; font_container=&#8221;tag:h2|font_size:22px|text_align:left|line_height:27px&#8221; use_theme_fonts=&#8221;yes&#8221;][vc_column_text]<strong>Jasmina Hasanbegovi\u0107<\/strong><br \/>\nTel\/fax: + 387 33 72 37 78<br \/>\nE-mail: <a href=\"mailto:jasmina.h@pmf.unsa.ba\">jasmina.h@pmf.unsa.ba<\/a>[\/vc_column_text][\/vc_column][vc_column width=&#8221;1\/4&#8221;][vc_single_image image=&#8221;10224&#8221; img_size=&#8221;full&#8221;][vc_custom_heading text=&#8221;Service for legal affairs&#8221; font_container=&#8221;tag:h2|font_size:22px|text_align:left&#8221; use_theme_fonts=&#8221;yes&#8221;][vc_column_text css=&#8221;&#8221;]<strong>Jasmina Mujki\u0107, head of service<\/strong><br \/>\nTel: + 387 33 723 738<br \/>\nE-mail: <a href=\"mailto:jasmina.mujkic@pmf.unsa.ba\">jasmina.mujkic@pmf.unsa.ba<\/a><\/p>\n<p><strong>Associates:<\/strong><\/p>\n<ul>\n<li>Edina Drkenda, professional associate<\/li>\n<li>Almira Muhovi\u0107, senior professional associate<\/li>\n<li>Adna \u0160i\u0161i\u0107, professional associate<\/li>\n<li>Alma \u010cukojevi\u0107, independent referent<\/li>\n<\/ul>\n<p>[\/vc_column_text][\/vc_column][vc_column width=&#8221;1\/4&#8221;][vc_single_image image=&#8221;10224&#8221; img_size=&#8221;full&#8221;][vc_custom_heading text=&#8221;Accounting and Finance Service&#8221; font_container=&#8221;tag:h2|font_size:22px|text_align:left|line_height:27px&#8221; use_theme_fonts=&#8221;yes&#8221;][vc_column_text]<strong>Mehmed Mehi\u0107, head of service<\/strong><br \/>\nTel: +387 33 723 732<br \/>\nE-mail: <a href=\"mailto:mehmed.mehic@pmf.unsa.ba\">mehmed.mehic@pmf.unsa.ba<\/a><\/p>\n<p><strong>Associates:<\/strong><\/p>\n<ul>\n<li>Alma Komarica, senior professional associate<\/li>\n<li>Fatima Kari\u0107, independent referent<\/li>\n<\/ul>\n<p>[\/vc_column_text][\/vc_column][vc_column width=&#8221;1\/4&#8221;][vc_single_image image=&#8221;10224&#8221; img_size=&#8221;full&#8221;][vc_custom_heading text=&#8221;Student Services&#8221; font_container=&#8221;tag:h2|font_size:22px|text_align:left|line_height:27px&#8221; use_theme_fonts=&#8221;yes&#8221;][vc_column_text]<strong>Mr.sc. D\u017eejla Idrizovi\u0107, head of service<\/strong><br \/>\nTel\/fax: + 387 33 279 978<br \/>\nE-mail: <a href=\"mailto:stsluzba@pmf.unsa.ba\">stsluzba@pmf.unsa.ba<\/a><\/p>\n<p><strong>Associates:<\/strong><\/p>\n<ul>\n<li>Mersiha Trtak-Fehri\u0107, senior professional associate<\/li>\n<li>Esvelda Dedi\u0107, independent referent<\/li>\n<li>Slobodan Ga\u0161evi\u0107, independent referent<\/li>\n<\/ul>\n<p style=\"padding-left: 40px;\">Tel: + 387 33 279 985<\/p>\n<p style=\"padding-left: 40px;\">Tel: + 387 33 723 767<\/p>\n<p>[\/vc_column_text][\/vc_column][\/vc_row]<\/p>\n<\/div>","protected":false},"excerpt":{"rendered":"<p>[vc_row][vc_column][\/vc_column][\/vc_row][vc_row css=&#8221;.vc_custom_1616101146328{margin-top: 48px !important;margin-bottom: 62px !important;}&#8221;][vc_column width=&#8221;1\/4&#8221;][vc_single_image image=&#8221;10224&#8221; img_size=&#8221;full&#8221;][vc_custom_heading text=&#8221;Secretary [&hellip;]<\/p>\n","protected":false},"author":1,"featured_media":0,"parent":0,"menu_order":0,"comment_status":"closed","ping_status":"closed","template":"","meta":{"footnotes":""},"class_list":["post-9420","page","type-page","status-publish","hentry"],"_links":{"self":[{"href":"https:\/\/pmf.unsa.ba\/eng\/wp-json\/wp\/v2\/pages\/9420","targetHints":{"allow":["GET"]}}],"collection":[{"href":"https:\/\/pmf.unsa.ba\/eng\/wp-json\/wp\/v2\/pages"}],"about":[{"href":"https:\/\/pmf.unsa.ba\/eng\/wp-json\/wp\/v2\/types\/page"}],"author":[{"embeddable":true,"href":"https:\/\/pmf.unsa.ba\/eng\/wp-json\/wp\/v2\/users\/1"}],"replies":[{"embeddable":true,"href":"https:\/\/pmf.unsa.ba\/eng\/wp-json\/wp\/v2\/comments?post=9420"}],"version-history":[{"count":29,"href":"https:\/\/pmf.unsa.ba\/eng\/wp-json\/wp\/v2\/pages\/9420\/revisions"}],"predecessor-version":[{"id":15230,"href":"https:\/\/pmf.unsa.ba\/eng\/wp-json\/wp\/v2\/pages\/9420\/revisions\/15230"}],"wp:attachment":[{"href":"https:\/\/pmf.unsa.ba\/eng\/wp-json\/wp\/v2\/media?parent=9420"}],"curies":[{"name":"wp","href":"https:\/\/api.w.org\/{rel}","templated":true}]}}