{"id":11791,"date":"2021-04-05T17:08:15","date_gmt":"2021-04-05T17:08:15","guid":{"rendered":"https:\/\/pmf.unsa.ba\/?page_id=11791"},"modified":"2022-10-04T21:13:24","modified_gmt":"2022-10-04T21:13:24","slug":"management-of-aspmf","status":"publish","type":"page","link":"https:\/\/pmf.unsa.ba\/eng\/management-of-aspmf\/","title":{"rendered":"Management of ASPMF"},"content":{"rendered":"<div class=\"wpb-content-wrapper\"><p>[vc_row][vc_column]<div class=\"qodef-section-title-holder  qodef-st-standard qodef-st-title-left qodef-st-normal-space \" style=\"text-align: center\">\n\t<div class=\"qodef-st-inner\">\n\t\t\t\t\t<h2 class=\"qodef-st-title\" >\n\t\t\t\tManagement of the Association\t\t\t<\/h2>\n\t\t        \t\t\t<\/div>\n<\/div>[\/vc_column][\/vc_row][vc_row css=&#8221;.vc_custom_1617642110179{padding-top: 20px !important;padding-bottom: 60px !important;}&#8221;][vc_column width=&#8221;1\/2&#8221;][vc_column_text]<strong>Assembly of the Association<\/strong><\/p>\n<ul>\n<li>Ramiz Petak, president (student of the Department of Biology)<\/li>\n<li>Lamija \u010cohad\u017ei\u0107, vice president (student of the Department of Biology)<\/li>\n<\/ul>\n<p><strong>Management Board of the Association<\/strong><\/p>\n<ul>\n<li>Asim Zuki\u0107, president (student of the Department of Mathematics)<\/li>\n<li>Sara-Farah Materne, vice president (student of the Department of Mathematics)<\/li>\n<li>Zilha Kora\u0107, secretary (student of the Department of Geography)<\/li>\n<li>Amina Had\u017eiemri\u0107 \u2013 representative of the Department of Biology<\/li>\n<li>Sanid Ga\u010di\u0107 \u2013 representative of the Department of Chemistry<\/li>\n<li>Selma Ljaji\u0107 \u2013 representative of the Department of Mathematics<\/li>\n<li>Melika Bukvi\u0107 &#8211; representative of the Department of Physics<\/li>\n<\/ul>\n<p>[\/vc_column_text][\/vc_column][vc_column width=&#8221;1\/2&#8221;][vc_column_text]<strong>Representatives in the Faculty Council<\/strong><\/p>\n<ul>\n<li>Amil Mehi\u0107 \u2013 student of the Department of Geography (III cycle)<\/li>\n<li>Sara-Farah Materne \u2013 student of the Department of Mathematics (II cycle)<\/li>\n<li>Din Avdispahi\u0107 \u2013 student of the Department of Chemistry (II cycle)<\/li>\n<li>Amina Had\u017eiemri\u0107 \u2013 student of the Department of Biology (I cycle)<\/li>\n<li>Anes D\u017eehverovi\u0107 \u2013 student of the Department of Physics (I cycle)<\/li>\n<\/ul>\n<p>&nbsp;<\/p>\n<ul>\n<li>Student Vice Dean: Ramiz Petak \u2013 student of the Department of Biology (II cycle)<\/li>\n<\/ul>\n<p>[\/vc_column_text][\/vc_column][\/vc_row][vc_row full_width=&#8221;stretch_row&#8221; css=&#8221;.vc_custom_1615560220781{padding-top: 44px !important;padding-bottom: 63px !important;background-color: #f7f7f7 !important;}&#8221;][vc_column width=&#8221;1\/4&#8221;][vc_single_image image=&#8221;11795&#8221; img_size=&#8221;full&#8221;][\/vc_column][vc_column width=&#8221;1\/4&#8221;][vc_single_image image=&#8221;11796&#8221; img_size=&#8221;full&#8221;][\/vc_column][vc_column width=&#8221;1\/4&#8221;][vc_single_image image=&#8221;11798&#8221; img_size=&#8221;full&#8221;][\/vc_column][vc_column width=&#8221;1\/4&#8221;][vc_single_image image=&#8221;11799&#8221; img_size=&#8221;full&#8221;][\/vc_column][\/vc_row]<\/p>\n<\/div>","protected":false},"excerpt":{"rendered":"<p>[vc_row][vc_column][\/vc_column][\/vc_row][vc_row css=&#8221;.vc_custom_1617642110179{padding-top: 20px !important;padding-bottom: 60px !important;}&#8221;][vc_column width=&#8221;1\/2&#8221;][vc_column_text]Assembly of the Association [&hellip;]<\/p>\n","protected":false},"author":3,"featured_media":0,"parent":0,"menu_order":0,"comment_status":"closed","ping_status":"closed","template":"","meta":{"footnotes":""},"class_list":["post-11791","page","type-page","status-publish","hentry"],"_links":{"self":[{"href":"https:\/\/pmf.unsa.ba\/eng\/wp-json\/wp\/v2\/pages\/11791","targetHints":{"allow":["GET"]}}],"collection":[{"href":"https:\/\/pmf.unsa.ba\/eng\/wp-json\/wp\/v2\/pages"}],"about":[{"href":"https:\/\/pmf.unsa.ba\/eng\/wp-json\/wp\/v2\/types\/page"}],"author":[{"embeddable":true,"href":"https:\/\/pmf.unsa.ba\/eng\/wp-json\/wp\/v2\/users\/3"}],"replies":[{"embeddable":true,"href":"https:\/\/pmf.unsa.ba\/eng\/wp-json\/wp\/v2\/comments?post=11791"}],"version-history":[{"count":20,"href":"https:\/\/pmf.unsa.ba\/eng\/wp-json\/wp\/v2\/pages\/11791\/revisions"}],"predecessor-version":[{"id":15041,"href":"https:\/\/pmf.unsa.ba\/eng\/wp-json\/wp\/v2\/pages\/11791\/revisions\/15041"}],"wp:attachment":[{"href":"https:\/\/pmf.unsa.ba\/eng\/wp-json\/wp\/v2\/media?parent=11791"}],"curies":[{"name":"wp","href":"https:\/\/api.w.org\/{rel}","templated":true}]}}